{"id":988,"date":"2024-10-09T20:35:32","date_gmt":"2024-10-09T17:35:32","guid":{"rendered":"https:\/\/eurotechendustri.com\/clarification-text\/"},"modified":"2024-10-26T21:43:33","modified_gmt":"2024-10-26T18:43:33","slug":"clarification-text","status":"publish","type":"page","link":"https:\/\/eurotechendustri.com\/en\/clarification-text\/","title":{"rendered":"Clarification Text"},"content":{"rendered":"\t\t<div data-elementor-type=\"wp-page\" data-elementor-id=\"988\" class=\"elementor elementor-988 elementor-473\" data-elementor-post-type=\"page\">\n\t\t\t\t<div class=\"elementor-element elementor-element-3423d2d e-con-full e-flex e-con e-parent\" data-id=\"3423d2d\" data-element_type=\"container\" data-settings=\"{&quot;background_background&quot;:&quot;classic&quot;}\">\n\t\t\t\t<div class=\"elementor-element elementor-element-5634710 elementor-widget elementor-widget-spacer\" data-id=\"5634710\" data-element_type=\"widget\" data-widget_type=\"spacer.default\">\n\t\t\t\t<div class=\"elementor-widget-container\">\n\t\t\t\t\t\t\t<div class=\"elementor-spacer\">\n\t\t\t<div class=\"elementor-spacer-inner\"><\/div>\n\t\t<\/div>\n\t\t\t\t\t\t<\/div>\n\t\t\t\t<\/div>\n\t\t\t\t<\/div>\n\t\t<div class=\"elementor-element elementor-element-13cd318 e-con-full e-flex e-con e-parent\" data-id=\"13cd318\" data-element_type=\"container\" data-settings=\"{&quot;background_background&quot;:&quot;classic&quot;}\">\n\t\t\t\t<div class=\"elementor-element elementor-element-aac9b87 elementor-widget elementor-widget-heading\" data-id=\"aac9b87\" data-element_type=\"widget\" data-widget_type=\"heading.default\">\n\t\t\t\t<div class=\"elementor-widget-container\">\n\t\t\t\t\t<h1 class=\"elementor-heading-title elementor-size-default\">Clarification Text<\/h1>\t\t\t\t<\/div>\n\t\t\t\t<\/div>\n\t\t\t\t<\/div>\n\t\t<div class=\"elementor-element elementor-element-c6face1 e-con-full e-flex e-con e-parent\" data-id=\"c6face1\" data-element_type=\"container\" data-settings=\"{&quot;background_background&quot;:&quot;classic&quot;}\">\n\t\t\t\t<div class=\"elementor-element elementor-element-601e8f8 elementor-widget elementor-widget-spacer\" data-id=\"601e8f8\" data-element_type=\"widget\" data-widget_type=\"spacer.default\">\n\t\t\t\t<div class=\"elementor-widget-container\">\n\t\t\t\t\t\t\t<div class=\"elementor-spacer\">\n\t\t\t<div class=\"elementor-spacer-inner\"><\/div>\n\t\t<\/div>\n\t\t\t\t\t\t<\/div>\n\t\t\t\t<\/div>\n\t\t\t\t<\/div>\n\t\t<div class=\"elementor-element elementor-element-36a93d2 e-flex e-con-boxed e-con e-parent\" data-id=\"36a93d2\" data-element_type=\"container\">\n\t\t\t\t\t<div class=\"e-con-inner\">\n\t\t\t\t<div class=\"elementor-element elementor-element-667a469 elementor-widget elementor-widget-text-editor\" data-id=\"667a469\" data-element_type=\"widget\" data-widget_type=\"text-editor.default\">\n\t\t\t\t<div class=\"elementor-widget-container\">\n\t\t\t\t\t\t\t\t\t<p>This clarification text has been prepared in accordance with the Law No. 6698 on the Protection of Personal Data and the relevant Regulations, \u2018Eurotech Metal End\u00fcstri Sanayi ve Ticaret Limited \u015eirketi\u2019 has been prepared to inform about the processing activity of personal data shared by visitors or collected due to their presence on the site while using the contact form, e-newsletter subscription or other forms on the https:\/\/www.eurotechendustri.com website of the data controller.<\/p>\n<p>Your personal data such as name, surname, e-mail address with the contact form you have filled out through the \u2018Contact\u2019 section on the website; If you subscribe to the e-newsletter subscription, only your e-mail address; If the log records are kept due to your presence on the site, your personal data such as device mac information and location are collected by us. Your personal data such as name, surname, e-mail address are processed for the purposes of responding to the message you have sent and carrying out communication activities; your personal data such as device mac information and location are processed based on the reasons of compliance with the law \u2018fulfilling the legitimate interests of the data controller, provided that the fundamental rights and freedoms of the data subject are not harmed\u2019 in order to ensure the security of the data controller. There is no domestic and international data transfer of your personal data in question.  <\/p>\n<p>Ki\u015fisel Verileri Koruma Kanunu 11.maddeye g\u00f6re \u201cEurotech Metal End\u00fcstri Sanayi ve Ticaret Limited \u015eirketi\u201d taraf\u0131ndan i\u015flenen ki\u015fisel verilerinize ili\u015fkin, Ki\u015fisel veri i\u015flenip i\u015flenmedi\u011fini \u00f6\u011frenme, Ki\u015fisel veriler i\u015flenmi\u015fse buna ili\u015fkin bilgi talep etme, Ki\u015fisel verilerin i\u015flenme amac\u0131n\u0131 ve bunlar\u0131n amac\u0131na uygun kullan\u0131l\u0131p kullan\u0131lmad\u0131\u011f\u0131n\u0131 \u00f6\u011frenme, Yurt i\u00e7inde veya yurt d\u0131\u015f\u0131nda ki\u015fisel verilerin aktar\u0131ld\u0131\u011f\u0131 \u00fc\u00e7\u00fcnc\u00fc ki\u015fileri bilme, Ki\u015fisel verilerin eksik veya yanl\u0131\u015f i\u015flenmi\u015f olmas\u0131 h\u00e2linde bunlar\u0131n d\u00fczeltilmesini isteme, yap\u0131lan i\u015flemlerin, ki\u015fisel verilerin aktar\u0131ld\u0131\u011f\u0131 \u00fc\u00e7\u00fcnc\u00fc ki\u015filere bildirilmesini isteme, KVKK\u2019da \u00f6ng\u00f6r\u00fclen \u015fartlar \u00e7er\u00e7evesinde ki\u015fisel verilerin silinmesini veya yok edilmesini isteme, yap\u0131lan i\u015flemlerin, ki\u015fisel verilerin aktar\u0131ld\u0131\u011f\u0131 \u00fc\u00e7\u00fcnc\u00fc ki\u015filere bildirilmesini isteme, \u0130\u015flenen verilerin m\u00fcnhas\u0131ran otomatik sistemler vas\u0131tas\u0131yla analiz edilmesi suretiyle ki\u015finin kendisi aleyhine bir sonucun ortaya \u00e7\u0131kmas\u0131na itiraz etme, Ki\u015fisel verilerin kanuna ayk\u0131r\u0131 olarak i\u015flenmesi sebebiyle zarara u\u011franmas\u0131 h\u00e2linde zarar\u0131n giderilmesini talep etme haklar\u0131na sahipsiniz. \u015eirketimize ba\u015fvurarak yukar\u0131da a\u00e7\u0131klad\u0131\u011f\u0131m\u0131z t\u00fcm ilgili haklar\u0131n\u0131z\u0131 kullanabilirsiniz. <\/p>\n\t\t\t\t\t\t\t\t<\/div>\n\t\t\t\t<\/div>\n\t\t\t\t\t<\/div>\n\t\t\t\t<\/div>\n\t\t\t\t<\/div>\n\t\t","protected":false},"excerpt":{"rendered":"<p>Clarification Text This clarification text has been prepared in accordance with the Law No. 6698 on the Protection of Personal Data and the relevant Regulations,&#8230;<\/p>\n","protected":false},"author":1,"featured_media":0,"parent":0,"menu_order":0,"comment_status":"closed","ping_status":"closed","template":"elementor_header_footer","meta":{"footnotes":""},"class_list":["post-988","page","type-page","status-publish","hentry"],"_links":{"self":[{"href":"https:\/\/eurotechendustri.com\/en\/wp-json\/wp\/v2\/pages\/988","targetHints":{"allow":["GET"]}}],"collection":[{"href":"https:\/\/eurotechendustri.com\/en\/wp-json\/wp\/v2\/pages"}],"about":[{"href":"https:\/\/eurotechendustri.com\/en\/wp-json\/wp\/v2\/types\/page"}],"author":[{"embeddable":true,"href":"https:\/\/eurotechendustri.com\/en\/wp-json\/wp\/v2\/users\/1"}],"replies":[{"embeddable":true,"href":"https:\/\/eurotechendustri.com\/en\/wp-json\/wp\/v2\/comments?post=988"}],"version-history":[{"count":1,"href":"https:\/\/eurotechendustri.com\/en\/wp-json\/wp\/v2\/pages\/988\/revisions"}],"predecessor-version":[{"id":989,"href":"https:\/\/eurotechendustri.com\/en\/wp-json\/wp\/v2\/pages\/988\/revisions\/989"}],"wp:attachment":[{"href":"https:\/\/eurotechendustri.com\/en\/wp-json\/wp\/v2\/media?parent=988"}],"curies":[{"name":"wp","href":"https:\/\/api.w.org\/{rel}","templated":true}]}}